{"id":1327,"date":"2026-02-26T14:56:05","date_gmt":"2026-02-26T13:56:05","guid":{"rendered":"https:\/\/gravityflowcircus.es\/?page_id=1327"},"modified":"2026-03-31T09:51:09","modified_gmt":"2026-03-31T07:51:09","slug":"aviso-legal","status":"publish","type":"page","link":"https:\/\/gravityflowcircus.es\/en\/aviso-legal\/","title":{"rendered":"LEGAL NOTICE"},"content":{"rendered":"<div class=\"wp-block-group\" style=\"padding-left:var(--wp--preset--spacing--70)\"><div class=\"wp-block-group__inner-container is-layout-constrained wp-container-core-group-is-layout-7c3ae671 wp-block-group-is-layout-constrained\">\n<div class=\"wp-block-group\"><div class=\"wp-block-group__inner-container is-layout-constrained wp-block-group-is-layout-constrained\">\n<h2 class=\"wp-block-heading has-text-color has-link-color wp-elements-ad527051341a1850a375691674e04831\" id=\"EXPERIENCIA\" style=\"color:#e9292e;font-size:40px\">LEGAL NOTICE<\/h2>\n<\/div><\/div>\n\n\n\n<p style=\"padding-right:40rem;padding-left:0\">In compliance with the duty of information established in Article 10 of Law 34\/2002 of July 11, on Information Society Services and Electronic Commerce (LSSI-CE), the following information is provided:<\/p>\n\n\n\n<p style=\"padding-right:40rem;padding-left:0\" class=\"translation-block\">Website owner:\nJohanna Pasiecznik\nID\/NIE: Y4509676B\nAddress: 35640 Villaverde, Spain\nEmail: gravity.flow.circus@gmail.com<\/p>\n\n\n\n<p style=\"padding-right:40rem;padding-left:0\" class=\"translation-block\">Purpose:\nThis website https:\/\/gravityflowcircus.es\/\n aims to provide information about the services and activities related to Gravity Flow Circus.<\/p>\n\n\n\n<p style=\"padding-right:40rem;padding-left:0\" class=\"translation-block\">Intellectual property:\nAll content on the website, including texts, images, design, and other elements, is the property of the owner or is used with proper authorization. Reproduction, distribution, or modification without prior authorization is prohibited.<\/p>\n\n\n\n<p style=\"padding-right:40rem;padding-left:0\" class=\"translation-block\">Liability:\nThe owner is not responsible for the misuse of the website's content or for any damages that may arise from accessing or using the published information.<\/p>\n\n\n\n<p style=\"padding-right:40rem;padding-left:0\" class=\"translation-block\">Applicable legislation:\nThese conditions are governed by Spanish law.<\/p>\n<\/div><\/div>","protected":false},"excerpt":{"rendered":"<p>AVISO LEGAL En cumplimiento con el deber de informaci\u00f3n establecido en el art\u00edculo 10 de la Ley 34\/2002, de 11 de julio, de Servicios de la Sociedad de la Informaci\u00f3n y Comercio Electr\u00f3nico (LSSI-CE), se informa: Titular del sitio web:Johanna PasiecznikDNI\/NIE: Y4509676BDirecci\u00f3n: 35640 Villaverde, Espa\u00f1aCorreo electr\u00f3nico: gravity.flow.circus@gmail.com Objeto:El presente sitio web https:\/\/gravityflowcircus.es\/tiene por finalidad ofrecer&#8230;<\/p>","protected":false},"author":2,"featured_media":0,"parent":0,"menu_order":0,"comment_status":"closed","ping_status":"closed","template":"","meta":{"_bbp_topic_count":0,"_bbp_reply_count":0,"_bbp_total_topic_count":0,"_bbp_total_reply_count":0,"_bbp_voice_count":0,"_bbp_anonymous_reply_count":0,"_bbp_topic_count_hidden":0,"_bbp_reply_count_hidden":0,"_bbp_forum_subforum_count":0,"_uag_custom_page_level_css":"","_kad_post_transparent":"","_kad_post_title":"","_kad_post_layout":"","_kad_post_sidebar_id":"","_kad_post_content_style":"","_kad_post_vertical_padding":"","_kad_post_feature":"","_kad_post_feature_position":"","_kad_post_header":false,"_kad_post_footer":false,"_kad_post_classname":"","footnotes":""},"class_list":["post-1327","page","type-page","status-publish","hentry"],"uagb_featured_image_src":{"full":false,"thumbnail":false,"medium":false,"medium_large":false,"large":false,"1536x1536":false,"2048x2048":false,"trp-custom-language-flag":false},"uagb_author_info":{"display_name":"johanna pasiecznik","author_link":"https:\/\/gravityflowcircus.es\/en\/author\/johanna\/"},"uagb_comment_info":0,"uagb_excerpt":"AVISO LEGAL En cumplimiento con el deber de informaci\u00f3n establecido en el art\u00edculo 10 de la Ley 34\/2002, de 11 de julio, de Servicios de la Sociedad de la Informaci\u00f3n y Comercio Electr\u00f3nico (LSSI-CE), se informa: Titular del sitio web:Johanna PasiecznikDNI\/NIE: Y4509676BDirecci\u00f3n: 35640 Villaverde, Espa\u00f1aCorreo electr\u00f3nico: gravity.flow.circus@gmail.com Objeto:El presente sitio web https:\/\/gravityflowcircus.es\/tiene por finalidad ofrecer...","_links":{"self":[{"href":"https:\/\/gravityflowcircus.es\/en\/wp-json\/wp\/v2\/pages\/1327","targetHints":{"allow":["GET"]}}],"collection":[{"href":"https:\/\/gravityflowcircus.es\/en\/wp-json\/wp\/v2\/pages"}],"about":[{"href":"https:\/\/gravityflowcircus.es\/en\/wp-json\/wp\/v2\/types\/page"}],"author":[{"embeddable":true,"href":"https:\/\/gravityflowcircus.es\/en\/wp-json\/wp\/v2\/users\/2"}],"replies":[{"embeddable":true,"href":"https:\/\/gravityflowcircus.es\/en\/wp-json\/wp\/v2\/comments?post=1327"}],"version-history":[{"count":5,"href":"https:\/\/gravityflowcircus.es\/en\/wp-json\/wp\/v2\/pages\/1327\/revisions"}],"predecessor-version":[{"id":1335,"href":"https:\/\/gravityflowcircus.es\/en\/wp-json\/wp\/v2\/pages\/1327\/revisions\/1335"}],"wp:attachment":[{"href":"https:\/\/gravityflowcircus.es\/en\/wp-json\/wp\/v2\/media?parent=1327"}],"curies":[{"name":"wp","href":"https:\/\/api.w.org\/{rel}","templated":true}]}}